{"id":6712,"date":"2024-06-20T14:17:15","date_gmt":"2024-06-20T12:17:15","guid":{"rendered":"https:\/\/loeufbigband.fr\/concerts\/"},"modified":"2026-02-11T10:50:41","modified_gmt":"2026-02-11T09:50:41","slug":"concerts","status":"publish","type":"page","link":"https:\/\/loeufbigband.fr\/en\/concerts\/","title":{"rendered":"Concerts"},"content":{"rendered":"<div data-elementor-type=\"wp-page\" data-elementor-id=\"6712\" class=\"elementor elementor-6712\" data-elementor-post-type=\"page\">\n\t\t\t\t<div class=\"elementor-element elementor-element-2f5ce162 e-flex e-con-boxed e-con e-parent\" data-id=\"2f5ce162\" data-element_type=\"container\" data-settings=\"{&quot;background_background&quot;:&quot;classic&quot;}\">\n\t\t\t\t\t<div class=\"e-con-inner\">\n\t\t\t\t<div class=\"elementor-element elementor-element-179db0e4 elementor-widget__width-initial elementor-widget elementor-widget-heading\" data-id=\"179db0e4\" data-element_type=\"widget\" data-widget_type=\"heading.default\">\n\t\t\t\t<div class=\"elementor-widget-container\">\n\t\t\t<style>\/*! elementor - v3.22.0 - 26-06-2024 *\/\n.elementor-heading-title{padding:0;margin:0;line-height:1}.elementor-widget-heading .elementor-heading-title[class*=elementor-size-]>a{color:inherit;font-size:inherit;line-height:inherit}.elementor-widget-heading .elementor-heading-title.elementor-size-small{font-size:15px}.elementor-widget-heading .elementor-heading-title.elementor-size-medium{font-size:19px}.elementor-widget-heading .elementor-heading-title.elementor-size-large{font-size:29px}.elementor-widget-heading .elementor-heading-title.elementor-size-xl{font-size:39px}.elementor-widget-heading .elementor-heading-title.elementor-size-xxl{font-size:59px}<\/style><h1 class=\"elementor-heading-title elementor-size-default\"><h1 style=\"margin-bottom: 5px; font-size: 60px; font-family: &quot;Titillium web&quot;, sans-serif; font-weight: 700; line-height: 1.2; color: rgb(255, 255, 255); text-transform: uppercase; font-style: normal; white-space-collapse: collapse;\">concerts<\/h1><\/h1>\t\t<\/div>\n\t\t\t\t<\/div>\n\t\t\t\t\t<\/div>\n\t\t\t\t<\/div>\n\t\t<div class=\"elementor-element elementor-element-6cae8684 e-flex e-con-boxed e-con e-parent\" data-id=\"6cae8684\" data-element_type=\"container\">\n\t\t\t\t\t<div class=\"e-con-inner\">\n\t\t\t\t<div class=\"elementor-element elementor-element-9a35987 elementor-widget elementor-widget-image\" data-id=\"9a35987\" data-element_type=\"widget\" data-widget_type=\"image.default\">\n\t\t\t\t<div class=\"elementor-widget-container\">\n\t\t\t<style>\/*! elementor - v3.22.0 - 26-06-2024 *\/\n.elementor-widget-image{text-align:center}.elementor-widget-image a{display:inline-block}.elementor-widget-image a img[src$=\".svg\"]{width:48px}.elementor-widget-image img{vertical-align:middle;display:inline-block}<\/style>\t\t\t\t\t\t\t\t\t\t<img decoding=\"async\" width=\"150\" height=\"88\" src=\"https:\/\/loeufbigband.fr\/wp-content\/uploads\/2024\/06\/picto-oeuf-e1526196147280.png\" class=\"attachment-large size-large wp-image-6466\" alt=\"\" \/>\t\t\t\t\t\t\t\t\t\t\t\t\t<\/div>\n\t\t\t\t<\/div>\n\t\t\t\t<div class=\"elementor-element elementor-element-6260f262 elementor-widget elementor-widget-heading\" data-id=\"6260f262\" data-element_type=\"widget\" data-widget_type=\"heading.default\">\n\t\t\t\t<div class=\"elementor-widget-container\">\n\t\t\t<h2 class=\"elementor-heading-title elementor-size-default\">Les Concerts de L'Oeuf<\/h2>\t\t<\/div>\n\t\t\t\t<\/div>\n\t\t\t\t\t<\/div>\n\t\t\t\t<\/div>\n\t\t<div class=\"elementor-element elementor-element-fcfde47 e-flex e-con-boxed e-con e-parent\" data-id=\"fcfde47\" data-element_type=\"container\">\n\t\t\t\t\t<div class=\"e-con-inner\">\n\t\t\t\t<div class=\"elementor-element elementor-element-5f207e2 elementor-widget elementor-widget-text-editor\" data-id=\"5f207e2\" data-element_type=\"widget\" data-widget_type=\"text-editor.default\">\n\t\t\t\t<div class=\"elementor-widget-container\">\n\t\t\t<style>\/*! elementor - v3.22.0 - 26-06-2024 *\/\n.elementor-widget-text-editor.elementor-drop-cap-view-stacked .elementor-drop-cap{background-color:#69727d;color:#fff}.elementor-widget-text-editor.elementor-drop-cap-view-framed .elementor-drop-cap{color:#69727d;border:3px solid;background-color:transparent}.elementor-widget-text-editor:not(.elementor-drop-cap-view-default) .elementor-drop-cap{margin-top:8px}.elementor-widget-text-editor:not(.elementor-drop-cap-view-default) .elementor-drop-cap-letter{width:1em;height:1em}.elementor-widget-text-editor .elementor-drop-cap{float:left;text-align:center;line-height:1;font-size:50px}.elementor-widget-text-editor .elementor-drop-cap-letter{display:inline-block}<\/style>\t\t\t\t<p><span style=\"text-decoration: underline;\"><strong>PROCHAINS CONCERTS :\u00a0<\/strong><\/span><\/p><p><strong style=\"font-style: inherit;\">\u00a0<\/strong><\/p><p><strong style=\"font-style: inherit;\">2026<\/strong><\/p><p><strong>08 mars 2026 \u00e0 18h &#8211; L&rsquo;Astro Symphonie : Espace Tonkin (Villeurbanne &#8211; 69)\u00a0<\/strong><\/p><p><a href=\"https:\/\/www.helloasso.com\/associations\/centre-leo-lagrange-villeurbanne\/evenements\/astro-symphonie-l-oeuf-big-band\">Billetterie ici !<\/a><\/p>\t\t\t\t\t\t<\/div>\n\t\t\t\t<\/div>\n\t\t\t\t<div class=\"elementor-element elementor-element-2898786 elementor-widget elementor-widget-text-editor\" data-id=\"2898786\" data-element_type=\"widget\" data-widget_type=\"text-editor.default\">\n\t\t\t\t<div class=\"elementor-widget-container\">\n\t\t\t\t\t\t\t<h3 style=\"font-size: 26px; font-style: normal; font-weight: 400; color: #000000;\"><strong><span style=\"text-decoration: underline;\">Concerts pass\u00e9s :<\/span><\/strong><\/h3>\n<p style=\"font-size: 26px; font-style: normal; font-weight: 400; color: #000000;\"><span style=\"font-weight: bold;\">2025<\/span><\/p>\n\n<h3>31 Juillet 2025 \u00e0 19h30 &#8211; Crest Jazz Festival (Crest 26)<\/h3>\n<h3>20 septembre 2025 \u00e0 19h30 &#8211; Jazz En Touraine (Montlouis-sur-Loire 37)<\/h3>\n<p style=\"font-size: 26px; font-style: normal; font-weight: 400; color: #000000;\"><span style=\"font-weight: bold;\">\u00a0<\/span><\/p>\n<p style=\"font-size: 26px; font-style: normal; font-weight: 400; color: #000000;\"><span style=\"font-weight: bold;\">2024<\/span><\/p>\n\n<div style=\"color: rgba(82, 104, 64, 0.75); font-family: 'DM Sans', sans-serif;\">\n<h3>11 octobre : La Source, Grenoble Alpes Jazz Festival (Fontaine &#8211; 38)<\/h3>\n\n<h3>05 ao\u00fbt : Festival Du Monastier &#8211;\u00a0Le Monastier-sur-Gazeille (43)<\/h3>\n\n<h3>09 mars :\u00a0Amphith\u00e9\u00e2tre Charles M\u00e9rieux &#8211; Lyon (69)<\/h3>\n\n<h3>03 f\u00e9vrier :\u00a0LA MAC &#8211;\u00a0Colombier-Saugnieu (69124)<\/h3>\n<\/div>\t\t\t\t\t\t<\/div>\n\t\t\t\t<\/div>\n\t\t\t\t\t<\/div>\n\t\t\t\t<\/div>\n\t\t<div class=\"elementor-element elementor-element-408f3f3 e-flex e-con-boxed e-con e-parent\" data-id=\"408f3f3\" data-element_type=\"container\">\n\t\t\t\t\t<div class=\"e-con-inner\">\n\t\t\t\t\t<\/div>\n\t\t\t\t<\/div>\n\t\t\t\t<\/div>","protected":false},"excerpt":{"rendered":"<p>concerts Les Concerts de L&rsquo;Oeuf PROCHAINS CONCERTS :\u00a0 \u00a0 2026 08 mars 2026 \u00e0 18h &#8211; L&rsquo;Astro Symphonie : Espace Tonkin (Villeurbanne &#8211; 69)\u00a0 Billetterie ici ! Concerts pass\u00e9s : 2025 31 Juillet 2025 \u00e0 19h30 &#8211; Crest Jazz Festival (Crest 26) 20 septembre 2025 \u00e0 19h30 &#8211; Jazz En Touraine (Montlouis-sur-Loire 37) \u00a0 2024 [&hellip;]<\/p>","protected":false},"author":6,"featured_media":0,"parent":0,"menu_order":0,"comment_status":"closed","ping_status":"closed","template":"","meta":{"site-sidebar-layout":"no-sidebar","site-content-layout":"page-builder","ast-site-content-layout":"full-width-container","site-content-style":"default","site-sidebar-style":"default","ast-global-header-display":"","ast-banner-title-visibility":"","ast-main-header-display":"","ast-hfb-above-header-display":"","ast-hfb-below-header-display":"","ast-hfb-mobile-header-display":"","site-post-title":"disabled","ast-breadcrumbs-content":"","ast-featured-img":"disabled","footer-sml-layout":"","theme-transparent-header-meta":"","adv-header-id-meta":"","stick-header-meta":"","header-above-stick-meta":"","header-main-stick-meta":"","header-below-stick-meta":"","astra-migrate-meta-layouts":"set","ast-page-background-enabled":"default","ast-page-background-meta":{"desktop":{"background-color":"var(--ast-global-color-4)","background-image":"","background-repeat":"repeat","background-position":"center center","background-size":"auto","background-attachment":"scroll","background-type":"","background-media":"","overlay-type":"","overlay-color":"","overlay-gradient":""},"tablet":{"background-color":"","background-image":"","background-repeat":"repeat","background-position":"center center","background-size":"auto","background-attachment":"scroll","background-type":"","background-media":"","overlay-type":"","overlay-color":"","overlay-gradient":""},"mobile":{"background-color":"","background-image":"","background-repeat":"repeat","background-position":"center center","background-size":"auto","background-attachment":"scroll","background-type":"","background-media":"","overlay-type":"","overlay-color":"","overlay-gradient":""}},"ast-content-background-meta":{"desktop":{"background-color":"var(--ast-global-color-5)","background-image":"","background-repeat":"repeat","background-position":"center center","background-size":"auto","background-attachment":"scroll","background-type":"","background-media":"","overlay-type":"","overlay-color":"","overlay-gradient":""},"tablet":{"background-color":"var(--ast-global-color-5)","background-image":"","background-repeat":"repeat","background-position":"center center","background-size":"auto","background-attachment":"scroll","background-type":"","background-media":"","overlay-type":"","overlay-color":"","overlay-gradient":""},"mobile":{"background-color":"var(--ast-global-color-5)","background-image":"","background-repeat":"repeat","background-position":"center center","background-size":"auto","background-attachment":"scroll","background-type":"","background-media":"","overlay-type":"","overlay-color":"","overlay-gradient":""}},"footnotes":""},"yoast_head":"<!-- This site is optimized with the Yoast SEO plugin v23.0 - https:\/\/yoast.com\/wordpress\/plugins\/seo\/ -->\n<title>Concerts - L&#039;Oeuf Big Band<\/title>\n<meta name=\"robots\" content=\"index, follow, max-snippet:-1, max-image-preview:large, max-video-preview:-1\" \/>\n<link rel=\"canonical\" href=\"https:\/\/loeufbigband.fr\/en\/concerts\/\" \/>\n<meta property=\"og:locale\" content=\"en_US\" \/>\n<meta property=\"og:type\" content=\"article\" \/>\n<meta property=\"og:title\" content=\"Concerts - L&#039;Oeuf Big Band\" \/>\n<meta property=\"og:description\" content=\"concerts Les Concerts de L&rsquo;Oeuf PROCHAINS CONCERTS :\u00a0 \u00a0 2026 08 mars 2026 \u00e0 18h &#8211; L&rsquo;Astro Symphonie : Espace Tonkin (Villeurbanne &#8211; 69)\u00a0 Billetterie ici ! Concerts pass\u00e9s : 2025 31 Juillet 2025 \u00e0 19h30 &#8211; Crest Jazz Festival (Crest 26) 20 septembre 2025 \u00e0 19h30 &#8211; Jazz En Touraine (Montlouis-sur-Loire 37) \u00a0 2024 [&hellip;]\" \/>\n<meta property=\"og:url\" content=\"https:\/\/loeufbigband.fr\/en\/concerts\/\" \/>\n<meta property=\"og:site_name\" content=\"L&#039;Oeuf Big Band\" \/>\n<meta property=\"article:modified_time\" content=\"2026-02-11T09:50:41+00:00\" \/>\n<meta property=\"og:image\" content=\"https:\/\/loeufbigband.fr\/wp-content\/uploads\/2024\/06\/picto-oeuf-e1526196147280.png\" \/>\n<meta name=\"twitter:card\" content=\"summary_large_image\" \/>\n<meta name=\"twitter:label1\" content=\"Est. reading time\" \/>\n\t<meta name=\"twitter:data1\" content=\"1 minute\" \/>\n<script type=\"application\/ld+json\" class=\"yoast-schema-graph\">{\"@context\":\"https:\/\/schema.org\",\"@graph\":[{\"@type\":\"WebPage\",\"@id\":\"https:\/\/loeufbigband.fr\/concerts\/\",\"url\":\"https:\/\/loeufbigband.fr\/concerts\/\",\"name\":\"Concerts - L&#039;Oeuf Big Band\",\"isPartOf\":{\"@id\":\"https:\/\/loeufbigband.fr\/#website\"},\"primaryImageOfPage\":{\"@id\":\"https:\/\/loeufbigband.fr\/concerts\/#primaryimage\"},\"image\":{\"@id\":\"https:\/\/loeufbigband.fr\/concerts\/#primaryimage\"},\"thumbnailUrl\":\"https:\/\/loeufbigband.fr\/wp-content\/uploads\/2024\/06\/picto-oeuf-e1526196147280.png\",\"datePublished\":\"2024-06-20T12:17:15+00:00\",\"dateModified\":\"2026-02-11T09:50:41+00:00\",\"breadcrumb\":{\"@id\":\"https:\/\/loeufbigband.fr\/concerts\/#breadcrumb\"},\"inLanguage\":\"en-US\",\"potentialAction\":[{\"@type\":\"ReadAction\",\"target\":[\"https:\/\/loeufbigband.fr\/concerts\/\"]}]},{\"@type\":\"ImageObject\",\"inLanguage\":\"en-US\",\"@id\":\"https:\/\/loeufbigband.fr\/concerts\/#primaryimage\",\"url\":\"https:\/\/loeufbigband.fr\/wp-content\/uploads\/2024\/06\/picto-oeuf-e1526196147280.png\",\"contentUrl\":\"https:\/\/loeufbigband.fr\/wp-content\/uploads\/2024\/06\/picto-oeuf-e1526196147280.png\"},{\"@type\":\"BreadcrumbList\",\"@id\":\"https:\/\/loeufbigband.fr\/concerts\/#breadcrumb\",\"itemListElement\":[{\"@type\":\"ListItem\",\"position\":1,\"name\":\"Accueil\",\"item\":\"https:\/\/loeufbigband.fr\/\"},{\"@type\":\"ListItem\",\"position\":2,\"name\":\"Concerts\"}]},{\"@type\":\"WebSite\",\"@id\":\"https:\/\/loeufbigband.fr\/#website\",\"url\":\"https:\/\/loeufbigband.fr\/\",\"name\":\"L&#039;Oeuf Big Band\",\"description\":\"Big Band de jazz\",\"publisher\":{\"@id\":\"https:\/\/loeufbigband.fr\/#organization\"},\"potentialAction\":[{\"@type\":\"SearchAction\",\"target\":{\"@type\":\"EntryPoint\",\"urlTemplate\":\"https:\/\/loeufbigband.fr\/?s={search_term_string}\"},\"query-input\":\"required name=search_term_string\"}],\"inLanguage\":\"en-US\"},{\"@type\":\"Organization\",\"@id\":\"https:\/\/loeufbigband.fr\/#organization\",\"name\":\"L&#039;Oeuf Big Band\",\"url\":\"https:\/\/loeufbigband.fr\/\",\"logo\":{\"@type\":\"ImageObject\",\"inLanguage\":\"en-US\",\"@id\":\"https:\/\/loeufbigband.fr\/#\/schema\/logo\/image\/\",\"url\":\"https:\/\/loeufbigband.fr\/wp-content\/uploads\/2024\/06\/logo-oeuf-2.png\",\"contentUrl\":\"https:\/\/loeufbigband.fr\/wp-content\/uploads\/2024\/06\/logo-oeuf-2.png\",\"width\":355,\"height\":168,\"caption\":\"L&#039;Oeuf Big Band\"},\"image\":{\"@id\":\"https:\/\/loeufbigband.fr\/#\/schema\/logo\/image\/\"}}]}<\/script>\n<!-- \/ Yoast SEO plugin. -->","yoast_head_json":{"title":"Concerts - L&#039;Oeuf Big Band","robots":{"index":"index","follow":"follow","max-snippet":"max-snippet:-1","max-image-preview":"max-image-preview:large","max-video-preview":"max-video-preview:-1"},"canonical":"https:\/\/loeufbigband.fr\/en\/concerts\/","og_locale":"en_US","og_type":"article","og_title":"Concerts - L&#039;Oeuf Big Band","og_description":"concerts Les Concerts de L&rsquo;Oeuf PROCHAINS CONCERTS :\u00a0 \u00a0 2026 08 mars 2026 \u00e0 18h &#8211; L&rsquo;Astro Symphonie : Espace Tonkin (Villeurbanne &#8211; 69)\u00a0 Billetterie ici ! Concerts pass\u00e9s : 2025 31 Juillet 2025 \u00e0 19h30 &#8211; Crest Jazz Festival (Crest 26) 20 septembre 2025 \u00e0 19h30 &#8211; Jazz En Touraine (Montlouis-sur-Loire 37) \u00a0 2024 [&hellip;]","og_url":"https:\/\/loeufbigband.fr\/en\/concerts\/","og_site_name":"L&#039;Oeuf Big Band","article_modified_time":"2026-02-11T09:50:41+00:00","og_image":[{"url":"https:\/\/loeufbigband.fr\/wp-content\/uploads\/2024\/06\/picto-oeuf-e1526196147280.png"}],"twitter_card":"summary_large_image","twitter_misc":{"Est. reading time":"1 minute"},"schema":{"@context":"https:\/\/schema.org","@graph":[{"@type":"WebPage","@id":"https:\/\/loeufbigband.fr\/concerts\/","url":"https:\/\/loeufbigband.fr\/concerts\/","name":"Concerts - L&#039;Oeuf Big Band","isPartOf":{"@id":"https:\/\/loeufbigband.fr\/#website"},"primaryImageOfPage":{"@id":"https:\/\/loeufbigband.fr\/concerts\/#primaryimage"},"image":{"@id":"https:\/\/loeufbigband.fr\/concerts\/#primaryimage"},"thumbnailUrl":"https:\/\/loeufbigband.fr\/wp-content\/uploads\/2024\/06\/picto-oeuf-e1526196147280.png","datePublished":"2024-06-20T12:17:15+00:00","dateModified":"2026-02-11T09:50:41+00:00","breadcrumb":{"@id":"https:\/\/loeufbigband.fr\/concerts\/#breadcrumb"},"inLanguage":"en-US","potentialAction":[{"@type":"ReadAction","target":["https:\/\/loeufbigband.fr\/concerts\/"]}]},{"@type":"ImageObject","inLanguage":"en-US","@id":"https:\/\/loeufbigband.fr\/concerts\/#primaryimage","url":"https:\/\/loeufbigband.fr\/wp-content\/uploads\/2024\/06\/picto-oeuf-e1526196147280.png","contentUrl":"https:\/\/loeufbigband.fr\/wp-content\/uploads\/2024\/06\/picto-oeuf-e1526196147280.png"},{"@type":"BreadcrumbList","@id":"https:\/\/loeufbigband.fr\/concerts\/#breadcrumb","itemListElement":[{"@type":"ListItem","position":1,"name":"Accueil","item":"https:\/\/loeufbigband.fr\/"},{"@type":"ListItem","position":2,"name":"Concerts"}]},{"@type":"WebSite","@id":"https:\/\/loeufbigband.fr\/#website","url":"https:\/\/loeufbigband.fr\/","name":"L&#039;Oeuf Big Band","description":"Big Band de jazz","publisher":{"@id":"https:\/\/loeufbigband.fr\/#organization"},"potentialAction":[{"@type":"SearchAction","target":{"@type":"EntryPoint","urlTemplate":"https:\/\/loeufbigband.fr\/?s={search_term_string}"},"query-input":"required name=search_term_string"}],"inLanguage":"en-US"},{"@type":"Organization","@id":"https:\/\/loeufbigband.fr\/#organization","name":"L&#039;Oeuf Big Band","url":"https:\/\/loeufbigband.fr\/","logo":{"@type":"ImageObject","inLanguage":"en-US","@id":"https:\/\/loeufbigband.fr\/#\/schema\/logo\/image\/","url":"https:\/\/loeufbigband.fr\/wp-content\/uploads\/2024\/06\/logo-oeuf-2.png","contentUrl":"https:\/\/loeufbigband.fr\/wp-content\/uploads\/2024\/06\/logo-oeuf-2.png","width":355,"height":168,"caption":"L&#039;Oeuf Big Band"},"image":{"@id":"https:\/\/loeufbigband.fr\/#\/schema\/logo\/image\/"}}]}},"_links":{"self":[{"href":"https:\/\/loeufbigband.fr\/en\/wp-json\/wp\/v2\/pages\/6712"}],"collection":[{"href":"https:\/\/loeufbigband.fr\/en\/wp-json\/wp\/v2\/pages"}],"about":[{"href":"https:\/\/loeufbigband.fr\/en\/wp-json\/wp\/v2\/types\/page"}],"author":[{"embeddable":true,"href":"https:\/\/loeufbigband.fr\/en\/wp-json\/wp\/v2\/users\/6"}],"replies":[{"embeddable":true,"href":"https:\/\/loeufbigband.fr\/en\/wp-json\/wp\/v2\/comments?post=6712"}],"version-history":[{"count":83,"href":"https:\/\/loeufbigband.fr\/en\/wp-json\/wp\/v2\/pages\/6712\/revisions"}],"predecessor-version":[{"id":7700,"href":"https:\/\/loeufbigband.fr\/en\/wp-json\/wp\/v2\/pages\/6712\/revisions\/7700"}],"wp:attachment":[{"href":"https:\/\/loeufbigband.fr\/en\/wp-json\/wp\/v2\/media?parent=6712"}],"curies":[{"name":"wp","href":"https:\/\/api.w.org\/{rel}","templated":true}]}}